{"id":12,"date":"2026-01-03T13:53:50","date_gmt":"2026-01-03T13:53:50","guid":{"rendered":"https:\/\/brelin.fr\/index.php\/register\/"},"modified":"2026-01-03T17:56:43","modified_gmt":"2026-01-03T16:56:43","slug":"register","status":"publish","type":"page","link":"https:\/\/brelin.fr\/en\/register\/","title":{"rendered":"Inscription"},"content":{"rendered":"<div class=\"um um-register um-6\">\n\t<div class=\"um-form\" data-mode=\"register\">\n\t\t<form method=\"post\" action=\"\" data-trp-original-action=\"\">\n\t\t\t<div class=\"um-row _um_row_1\" style=\"margin: 0 0 30px 0;\"><div class=\"um-col-1\"><div  id=\"um_field_6_user_login\" class=\"um-field um-field-text  um-field-user_login um-field-text um-field-type_text\" data-key=\"user_login\"><div class=\"um-field-label\"><label for=\"user_login-6\">Username<span class=\"um-req\" title=\"Required\">*<\/span><\/label><div class=\"um-clear\"><\/div><\/div><div class=\"um-field-area\"><input  autocomplete=\"off\" class=\"um-form-field valid\" type=\"text\" name=\"user_login-6\" id=\"user_login-6\" value=\"\" placeholder=\"\" data-validate=\"unique_username\" data-key=\"user_login\"  aria-invalid=\"false\" \/>\n\n\t\t\t\t\t\t<\/div><\/div><div  id=\"um_field_6_first_name\" class=\"um-field um-field-text  um-field-first_name um-field-text um-field-type_text\" data-key=\"first_name\"><div class=\"um-field-label\"><label for=\"first_name-6\">First Name<\/label><div class=\"um-clear\"><\/div><\/div><div class=\"um-field-area\"><input  autocomplete=\"off\" class=\"um-form-field valid\" type=\"text\" name=\"first_name-6\" id=\"first_name-6\" value=\"\" placeholder=\"\" data-validate=\"\" data-key=\"first_name\"  aria-invalid=\"false\" \/>\n\n\t\t\t\t\t\t<\/div><\/div><div  id=\"um_field_6_last_name\" class=\"um-field um-field-text  um-field-last_name um-field-text um-field-type_text\" data-key=\"last_name\"><div class=\"um-field-label\"><label for=\"last_name-6\">Last Name<\/label><div class=\"um-clear\"><\/div><\/div><div class=\"um-field-area\"><input  autocomplete=\"off\" class=\"um-form-field valid\" type=\"text\" name=\"last_name-6\" id=\"last_name-6\" value=\"\" placeholder=\"\" data-validate=\"\" data-key=\"last_name\"  aria-invalid=\"false\" \/>\n\n\t\t\t\t\t\t<\/div><\/div><div  id=\"um_field_6_num_allee\" class=\"um-field um-field-number  um-field-num_allee um-field-number um-field-type_number\" data-key=\"num_allee\"><div class=\"um-field-label\"><label for=\"num_allee-6\">Num\u00e9ro All\u00e9e<\/label><div class=\"um-clear\"><\/div><\/div><div class=\"um-field-area\"><input  class=\"um-form-field valid not-required\" type=\"number\" name=\"num_allee-6\" id=\"num_allee-6\" value=\"\" placeholder=\"\" data-validate=\"\" data-key=\"num_allee\"  min=\"1\"   aria-invalid=\"false\" \/>\n\n\t\t\t\t\t\t<\/div><\/div><div  id=\"um_field_6_num_etage\" class=\"um-field um-field-number  um-field-num_etage um-field-number um-field-type_number\" data-key=\"num_etage\"><div class=\"um-field-label\"><label for=\"num_etage-6\">Num\u00e9ro Etage<\/label><div class=\"um-clear\"><\/div><\/div><div class=\"um-field-area\"><input  class=\"um-form-field valid not-required\" type=\"number\" name=\"num_etage-6\" id=\"num_etage-6\" value=\"\" placeholder=\"\" data-validate=\"\" data-key=\"num_etage\"  min=\"0\"   aria-invalid=\"false\" \/>\n\n\t\t\t\t\t\t<\/div><\/div><div  id=\"um_field_6_num_appartement\" class=\"um-field um-field-number  um-field-num_appartement um-field-number um-field-type_number\" data-key=\"num_appartement\"><div class=\"um-field-label\"><label for=\"num_appartement-6\">Num\u00e9ro Appartement<\/label><div class=\"um-clear\"><\/div><\/div><div class=\"um-field-area\"><input  class=\"um-form-field valid not-required\" type=\"number\" name=\"num_appartement-6\" id=\"num_appartement-6\" value=\"\" placeholder=\"\" data-validate=\"\" data-key=\"num_appartement\"  min=\"1\"   aria-invalid=\"false\" \/>\n\n\t\t\t\t\t\t<\/div><\/div><div  id=\"um_field_6_user_email\" class=\"um-field um-field-text  um-field-user_email um-field-text um-field-type_text\" data-key=\"user_email\"><div class=\"um-field-label\"><label for=\"user_email-6\">E-mail Address<\/label><div class=\"um-clear\"><\/div><\/div><div class=\"um-field-area\"><input  autocomplete=\"off\" class=\"um-form-field valid\" type=\"text\" name=\"user_email-6\" id=\"user_email-6\" value=\"\" placeholder=\"\" data-validate=\"unique_email\" data-key=\"user_email\"  aria-invalid=\"false\" \/>\n\n\t\t\t\t\t\t<\/div><\/div><div  id=\"um_field_6_user_password\" class=\"um-field um-field-password  um-field-user_password um-field-password um-field-type_password\" data-key=\"user_password\"><div class=\"um-field-label\"><label for=\"user_password-6\">Password<span class=\"um-req\" title=\"Required\">*<\/span><\/label><div class=\"um-clear\"><\/div><\/div><div class=\"um-field-area\"><div class=\"um-field-area-password\">\n\t\t\t\t\t\t\t\t\t<input class=\"um-form-field valid\" type=\"password\" name=\"user_password-6\" id=\"user_password-6\" value=\"\" placeholder=\"\" data-validate=\"\" data-key=\"user_password\"  aria-invalid=\"false\" \/>\n\t\t\t\t\t\t\t\t\t<span class=\"um-toggle-password\"><i class=\"um-icon-eye\"><\/i><\/span>\n\t\t\t\t\t\t\t\t<\/div>\n\t\t\t\t\t\t\t<\/div><\/div><div  id=\"um_field_6_confirm_user_password\" class=\"um-field um-field-password  um-field-user_password um-field-password um-field-type_password\" data-key=\"confirm_user_password\"><div class=\"um-field-label\"><label for=\"confirm_user_password-6\">Confirm Password<span class=\"um-req\" title=\"Required\">*<\/span><\/label><div class=\"um-clear\"><\/div><\/div><div class=\"um-field-area\"><div class=\"um-field-area-password\"><input class=\"um-form-field valid\" type=\"password\" name=\"confirm_user_password-6\" id=\"confirm_user_password-6\" value=\"\" placeholder=\"Confirm Password\" data-validate=\"\" data-key=\"confirm_user_password\"  aria-invalid=\"false\" \/><span class=\"um-toggle-password\"><i class=\"um-icon-eye\"><\/i><\/span><\/div><\/div><\/div><\/div><\/div>\n<div class=\"um-field um-field-type_terms_conditions\"  data-key=\"use_terms_conditions_agreement\" style=\"display: block;padding:0px\">\n\t<div class=\"um-field-area\">\n\t\t<div class=\"um-terms-conditions-content\" style=\"display:none\">\n\t\t\t\t\t\t\t\t<a href=\"javascript:void(0);\" class=\"um-hide-terms\">\n\t\t\t\t\t\tCacher\t\t\t\t\t<\/a>\n\n\t\t\t\t\t\n\n\n<p>Derni\u00e8re mise \u00e0 jour : 2026<\/p>\n\n\n\n<hr class=\"wp-block-separator has-alpha-channel-opacity\" \/>\n\n\n\n<h1 class=\"wp-block-heading has-medium-font-size\">1. Pr\u00e9sentation du site<\/h1>\n\n\n\n<p>Le site <strong>brelin.fr<\/strong> est un site web accessible au public proposant des contenus et fonctionnalit\u00e9s accessibles aux utilisateurs inscrits.<\/p>\n\n\n\n<p>L\u2019acc\u00e8s et l\u2019utilisation du site impliquent l\u2019acceptation de la pr\u00e9sente charte et des conditions d\u2019utilisation.<\/p>\n\n\n\n<hr class=\"wp-block-separator has-alpha-channel-opacity\" \/>\n\n\n\n<h1 class=\"wp-block-heading has-medium-font-size\">2. Inscription des utilisateurs<\/h1>\n\n\n\n<p>Certaines fonctionnalit\u00e9s du site sont accessibles uniquement aux utilisateurs inscrits.<\/p>\n\n\n\n<p>Lors de l\u2019inscription, l\u2019utilisateur fournit certaines informations via le formulaire d\u2019inscription (par exemple : nom d\u2019utilisateur, adresse e-mail ou toute autre information demand\u00e9e par le formulaire).<\/p>\n\n\n\n<p>L\u2019utilisateur s\u2019engage \u00e0 :<\/p>\n\n\n\n<ul class=\"wp-block-list\">\n<li>fournir des informations exactes<\/li>\n\n\n\n<li>ne pas usurper l\u2019identit\u00e9 d\u2019un tiers<\/li>\n\n\n\n<li>maintenir la confidentialit\u00e9 de ses identifiants<\/li>\n<\/ul>\n\n\n\n<p>Chaque utilisateur est responsable de l\u2019usage de son compte.<\/p>\n\n\n\n<hr class=\"wp-block-separator has-alpha-channel-opacity\" \/>\n\n\n\n<h1 class=\"wp-block-heading has-medium-font-size\">3. R\u00e8gles de bonne conduite<\/h1>\n\n\n\n<p>Les utilisateurs s\u2019engagent \u00e0 utiliser le site de mani\u00e8re respectueuse et conforme aux lois en vigueur.<\/p>\n\n\n\n<p>Il est notamment interdit de :<\/p>\n\n\n\n<ul class=\"wp-block-list\">\n<li>publier des contenus ill\u00e9gaux<\/li>\n\n\n\n<li>diffuser des propos injurieux, diffamatoires, discriminatoires ou haineux<\/li>\n\n\n\n<li>harceler ou menacer d\u2019autres utilisateurs<\/li>\n\n\n\n<li>publier du spam ou de la publicit\u00e9 non autoris\u00e9e<\/li>\n\n\n\n<li>tenter de perturber ou compromettre la s\u00e9curit\u00e9 du site<\/li>\n<\/ul>\n\n\n\n<p>Le non-respect de ces r\u00e8gles peut entra\u00eener la suspension ou la suppression du compte utilisateur.<\/p>\n\n\n\n<hr class=\"wp-block-separator has-alpha-channel-opacity\" \/>\n\n\n\n<h1 class=\"wp-block-heading has-medium-font-size\">4. Contenus publi\u00e9s par les utilisateurs<\/h1>\n\n\n\n<p>Les utilisateurs sont seuls responsables des contenus qu\u2019ils publient sur le site.<\/p>\n\n\n\n<p>L\u2019administrateur du site se r\u00e9serve le droit de :<\/p>\n\n\n\n<ul class=\"wp-block-list\">\n<li>modifier<\/li>\n\n\n\n<li>masquer<\/li>\n\n\n\n<li>supprimer<\/li>\n<\/ul>\n\n\n\n<p>tout contenu ne respectant pas la pr\u00e9sente charte ou les lois applicables.<\/p>\n\n\n\n<hr class=\"wp-block-separator has-alpha-channel-opacity\" \/>\n\n\n\n<h1 class=\"wp-block-heading has-medium-font-size\">5. Suspension ou suppression de compte<\/h1>\n\n\n\n<p>L\u2019administrateur du site peut suspendre ou supprimer un compte utilisateur notamment en cas de :<\/p>\n\n\n\n<ul class=\"wp-block-list\">\n<li>non-respect de la charte<\/li>\n\n\n\n<li>comportement abusif<\/li>\n\n\n\n<li>tentative de fraude<\/li>\n\n\n\n<li>activit\u00e9 susceptible de nuire au site ou aux autres utilisateurs<\/li>\n<\/ul>\n\n\n\n<p>Cette d\u00e9cision peut intervenir sans pr\u00e9avis.<\/p>\n\n\n\n<hr class=\"wp-block-separator has-alpha-channel-opacity\" \/>\n\n\n\n<h1 class=\"wp-block-heading has-medium-font-size\">6. Donn\u00e9es personnelles<\/h1>\n\n\n\n<p>Les informations collect\u00e9es lors de l\u2019inscription sont utilis\u00e9es uniquement pour :<\/p>\n\n\n\n<ul class=\"wp-block-list\">\n<li>la gestion des comptes utilisateurs<\/li>\n\n\n\n<li>le fonctionnement du site<\/li>\n\n\n\n<li>la s\u00e9curit\u00e9 du service<\/li>\n<\/ul>\n\n\n\n<p>Les donn\u00e9es collect\u00e9es sont limit\u00e9es aux informations demand\u00e9es dans le formulaire d\u2019inscription.<\/p>\n\n\n\n<p>Ces donn\u00e9es ne sont pas vendues ni c\u00e9d\u00e9es \u00e0 des tiers.<\/p>\n\n\n\n<p>Conform\u00e9ment au <strong>R\u00e8glement G\u00e9n\u00e9ral sur la Protection des Donn\u00e9es (RGPD)<\/strong>, les utilisateurs disposent des droits suivants :<\/p>\n\n\n\n<ul class=\"wp-block-list\">\n<li>droit d\u2019acc\u00e8s<\/li>\n\n\n\n<li>droit de rectification<\/li>\n\n\n\n<li>droit de suppression<\/li>\n\n\n\n<li>droit de limitation du traitement<\/li>\n<\/ul>\n\n\n\n<p>Toute demande peut \u00eatre adress\u00e9e \u00e0 l\u2019administrateur du site.<\/p>\n\n\n\n<hr class=\"wp-block-separator has-alpha-channel-opacity\" \/>\n\n\n\n<h1 class=\"wp-block-heading has-medium-font-size\">7. S\u00e9curit\u00e9<\/h1>\n\n\n\n<p>Les utilisateurs s\u2019engagent \u00e0 ne pas :<\/p>\n\n\n\n<ul class=\"wp-block-list\">\n<li>acc\u00e9der de mani\u00e8re frauduleuse aux comptes d\u2019autres utilisateurs<\/li>\n\n\n\n<li>contourner les syst\u00e8mes de s\u00e9curit\u00e9 du site<\/li>\n\n\n\n<li>exploiter d\u2019\u00e9ventuelles failles techniques<\/li>\n<\/ul>\n\n\n\n<p>Toute tentative pourra entra\u00eener la suppression imm\u00e9diate du compte.<\/p>\n\n\n\n<hr class=\"wp-block-separator has-alpha-channel-opacity\" \/>\n\n\n\n<h1 class=\"wp-block-heading has-medium-font-size\">8. Responsabilit\u00e9<\/h1>\n\n\n\n<p>Le site est fourni \u00ab tel quel \u00bb.<\/p>\n\n\n\n<p>L\u2019administrateur du site ne saurait \u00eatre tenu responsable :<\/p>\n\n\n\n<ul class=\"wp-block-list\">\n<li>des contenus publi\u00e9s par les utilisateurs<\/li>\n\n\n\n<li>d\u2019\u00e9ventuelles interruptions ou indisponibilit\u00e9s du site<\/li>\n\n\n\n<li>des dommages indirects li\u00e9s \u00e0 l\u2019utilisation du service.<\/li>\n<\/ul>\n\n\n\n<hr class=\"wp-block-separator has-alpha-channel-opacity\" \/>\n\n\n\n<h1 class=\"wp-block-heading has-medium-font-size\">9. Cookies<\/h1>\n\n\n\n<p>Le site peut utiliser des cookies techniques n\u00e9cessaires \u00e0 son fonctionnement (authentification, session utilisateur, s\u00e9curit\u00e9).<\/p>\n\n\n\n<p>Ces cookies ne sont utilis\u00e9s que pour assurer le bon fonctionnement du site.<\/p>\n\n\n\n<hr class=\"wp-block-separator has-alpha-channel-opacity\" \/>\n\n\n\n<h1 class=\"wp-block-heading has-medium-font-size\">10. Modification de la charte<\/h1>\n\n\n\n<p>La pr\u00e9sente charte peut \u00eatre modifi\u00e9e \u00e0 tout moment afin de s\u2019adapter \u00e0 l\u2019\u00e9volution du site ou de la r\u00e9glementation.<\/p>\n\n\n\n<p>Les utilisateurs seront inform\u00e9s des modifications importantes.<\/p>\n\n\n\n<hr class=\"wp-block-separator has-alpha-channel-opacity\" \/>\n\n\n\n<h1 class=\"wp-block-heading has-medium-font-size\">11. Contact<\/h1>\n\n\n\n<p>Pour toute question relative \u00e0 cette charte ou \u00e0 l\u2019utilisation du site, vous pouvez contacter l\u2019administrateur via le site <strong>brelin.fr<\/strong>.<\/p>\n\t\t<\/div>\n\t\t<a href=\"javascript:void(0);\" class=\"um-toggle-terms\" data-toggle-state=\"hidden\"\n\t\t   data-toggle-show=\"Charte de bonne conduite et conditions d&#039;utilisation\"\n\t\t   data-toggle-hide=\"Cacher\">\n\t\t\tCharte de bonne conduite et conditions d'utilisation\t\t<\/a>\n\t<\/div>\n\t<div class=\"um-field-area\">\n\n\t\t<label class=\"um-field-checkbox\">\n\t\t\t<input type=\"checkbox\" name=\"use_terms_conditions_agreement\" value=\"1\">\n\t\t\t<span class=\"um-field-checkbox-state\">\n\t\t\t\t<i class=\"um-icon-android-checkbox-outline-blank\"><\/i>\n\t\t\t<\/span>\n\t\t\t<span class=\"um-field-checkbox-option\">\n\t\t\t\tAcceper la charte de bonne conduite et conditions d'utilisation\t\t\t<\/span>\n\t\t<\/label>\n\t\t<div class=\"um-clear\"><\/div>\n\n\t\t\n\t\t<div class=\"um-clear\"><\/div>\n\t<\/div>\n<\/div>\n\t<input type=\"hidden\" name=\"form_id\" id=\"form_id_6\" value=\"6\" \/>\n\t\t<p class=\"um_request_name\">\n\t\t<label for=\"um_request_6\">Only fill in if you are not human<\/label>\n\t\t<input type=\"hidden\" name=\"um_request\" id=\"um_request_6\" class=\"input\" value=\"\" size=\"25\" autocomplete=\"off\" \/>\n\t<\/p>\n\t<input type=\"hidden\" id=\"_wpnonce\" name=\"_wpnonce\" value=\"232598439d\" \/><input type=\"hidden\" name=\"_wp_http_referer\" value=\"\/en\/wp-json\/wp\/v2\/pages\/12\" \/>\n\t<div class=\"um-col-alt\">\n\n\t\t\n\t\t\t<div class=\"um-left um-half\">\n\t\t\t\t<input type=\"submit\" value=\"S&#039;inscrire\" class=\"um-button\" id=\"um-submit-btn\" \/>\n\t\t\t<\/div>\n\t\t\t<div class=\"um-right um-half\">\n\t\t\t\t<a href=\"https:\/\/brelin.fr\/en\/login\/\" class=\"um-button um-alt\">\n\t\t\t\t\tLogin\t\t\t\t<\/a>\n\t\t\t<\/div>\n\n\t\t\n\t\t<div class=\"um-clear\"><\/div>\n\n\t<\/div>\n\n\t\t\t<input type=\"hidden\" name=\"trp-form-language\" value=\"en\"\/><\/form>\n\t<\/div>\n<\/div>\n<style>\n\t\t\t.um-6.um {\n\t\t\tmax-width: 450px;\n\t\t}\n\t\t<\/style>","protected":false},"excerpt":{"rendered":"","protected":false},"author":1,"featured_media":0,"parent":0,"menu_order":0,"comment_status":"closed","ping_status":"closed","template":"","meta":{"_bbp_topic_count":0,"_bbp_reply_count":0,"_bbp_total_topic_count":0,"_bbp_total_reply_count":0,"_bbp_voice_count":0,"_bbp_anonymous_reply_count":0,"_bbp_topic_count_hidden":0,"_bbp_reply_count_hidden":0,"_bbp_forum_subforum_count":0,"_uag_custom_page_level_css":"","site-sidebar-layout":"default","site-content-layout":"","ast-site-content-layout":"default","site-content-style":"default","site-sidebar-style":"default","ast-global-header-display":"","ast-banner-title-visibility":"","ast-main-header-display":"","ast-hfb-above-header-display":"","ast-hfb-below-header-display":"","ast-hfb-mobile-header-display":"","site-post-title":"","ast-breadcrumbs-content":"","ast-featured-img":"","footer-sml-layout":"","ast-disable-related-posts":"","theme-transparent-header-meta":"","adv-header-id-meta":"","stick-header-meta":"","header-above-stick-meta":"","header-main-stick-meta":"","header-below-stick-meta":"","astra-migrate-meta-layouts":"default","ast-page-background-enabled":"default","ast-page-background-meta":{"desktop":{"background-color":"var(--ast-global-color-4)","background-image":"","background-repeat":"repeat","background-position":"center center","background-size":"auto","background-attachment":"scroll","background-type":"","background-media":"","overlay-type":"","overlay-color":"","overlay-opacity":"","overlay-gradient":""},"tablet":{"background-color":"","background-image":"","background-repeat":"repeat","background-position":"center center","background-size":"auto","background-attachment":"scroll","background-type":"","background-media":"","overlay-type":"","overlay-color":"","overlay-opacity":"","overlay-gradient":""},"mobile":{"background-color":"","background-image":"","background-repeat":"repeat","background-position":"center center","background-size":"auto","background-attachment":"scroll","background-type":"","background-media":"","overlay-type":"","overlay-color":"","overlay-opacity":"","overlay-gradient":""}},"ast-content-background-meta":{"desktop":{"background-color":"var(--ast-global-color-5)","background-image":"","background-repeat":"repeat","background-position":"center center","background-size":"auto","background-attachment":"scroll","background-type":"","background-media":"","overlay-type":"","overlay-color":"","overlay-opacity":"","overlay-gradient":""},"tablet":{"background-color":"var(--ast-global-color-5)","background-image":"","background-repeat":"repeat","background-position":"center center","background-size":"auto","background-attachment":"scroll","background-type":"","background-media":"","overlay-type":"","overlay-color":"","overlay-opacity":"","overlay-gradient":""},"mobile":{"background-color":"var(--ast-global-color-5)","background-image":"","background-repeat":"repeat","background-position":"center center","background-size":"auto","background-attachment":"scroll","background-type":"","background-media":"","overlay-type":"","overlay-color":"","overlay-opacity":"","overlay-gradient":""}},"footnotes":""},"class_list":["post-12","page","type-page","status-publish","hentry"],"uagb_featured_image_src":{"full":false,"thumbnail":false,"medium":false,"medium_large":false,"large":false,"1536x1536":false,"2048x2048":false,"trp-custom-language-flag":false},"uagb_author_info":{"display_name":"administrateur","author_link":"https:\/\/brelin.fr\/en\/author\/admin6979\/"},"uagb_comment_info":0,"uagb_excerpt":null,"_links":{"self":[{"href":"https:\/\/brelin.fr\/en\/wp-json\/wp\/v2\/pages\/12","targetHints":{"allow":["GET"]}}],"collection":[{"href":"https:\/\/brelin.fr\/en\/wp-json\/wp\/v2\/pages"}],"about":[{"href":"https:\/\/brelin.fr\/en\/wp-json\/wp\/v2\/types\/page"}],"author":[{"embeddable":true,"href":"https:\/\/brelin.fr\/en\/wp-json\/wp\/v2\/users\/1"}],"replies":[{"embeddable":true,"href":"https:\/\/brelin.fr\/en\/wp-json\/wp\/v2\/comments?post=12"}],"version-history":[{"count":1,"href":"https:\/\/brelin.fr\/en\/wp-json\/wp\/v2\/pages\/12\/revisions"}],"predecessor-version":[{"id":599,"href":"https:\/\/brelin.fr\/en\/wp-json\/wp\/v2\/pages\/12\/revisions\/599"}],"wp:attachment":[{"href":"https:\/\/brelin.fr\/en\/wp-json\/wp\/v2\/media?parent=12"}],"curies":[{"name":"wp","href":"https:\/\/api.w.org\/{rel}","templated":true}]}}