{"id":296,"date":"2026-01-03T14:11:27","date_gmt":"2026-01-03T14:11:27","guid":{"rendered":"https:\/\/brelin.fr\/index.php\/home\/"},"modified":"2026-01-28T11:10:30","modified_gmt":"2026-01-28T10:10:30","slug":"home","status":"publish","type":"page","link":"https:\/\/brelin.fr\/en\/","title":{"rendered":"Home"},"content":{"rendered":"<div class=\"wp-block-uagb-container uagb-block-e9f89e50 alignfull uagb-is-root-container\"><div class=\"uagb-container-inner-blocks-wrap\">\n<div class=\"wp-block-uagb-advanced-heading uagb-block-4de6aee5\"><div class=\"uagb-separator\"><\/div><h1 class=\"uagb-heading-text\">Welcome, dear Brelinois<\/h1><\/div>\n\n\n\n<div class=\"wp-block-uagb-container uag-blocks-common-selector uagb-layout-grid uagb-block-083e68ed\">\n<div class=\"wp-block-uagb-image uagb-block-93a5382e wp-block-uagb-image--layout-default wp-block-uagb-image--effect-static wp-block-uagb-image--align-none\"><figure class=\"wp-block-uagb-image__figure\"><img decoding=\"async\" srcset=\"https:\/\/brelin.fr\/wp-content\/uploads\/2026\/01\/IMG_0745-1.jpeg ,https:\/\/brelin.fr\/wp-content\/uploads\/2026\/01\/IMG_0745-1.jpeg 780w, https:\/\/brelin.fr\/wp-content\/uploads\/2026\/01\/IMG_0745-1.jpeg 360w\" sizes=\"auto, (max-width: 480px) 150px\" src=\"https:\/\/brelin.fr\/wp-content\/uploads\/2026\/01\/IMG_0745-1.jpeg\" alt=\"img 0745\" class=\"uag-image-627\" width=\"431\" height=\"420\" title=\"image 0745\" loading=\"lazy\" role=\"img\"\/><\/figure><\/div>\n\n\n\n<div class=\"wp-block-group is-nowrap is-layout-flex wp-container-core-group-is-layout-6c531013 wp-block-group-is-layout-flex\">\n<div class=\"wp-block-uagb-info-box uagb-block-b9ecca73 uagb-infobox__content-wrap  uagb-infobox-icon-above-title uagb-infobox-image-valign-top\"><div class=\"uagb-ifb-content\"><div class=\"uagb-ifb-title-wrap\"><\/div><p class=\"uagb-ifb-desc\">Each co-owner can create a free account on Brelin.fr (\u201cregistration\u201d) to, among other things, access the private forum, future information, and small privileges with merchants.<\/p><\/div><\/div>\n<\/div>\n\n\n\n<figure class=\"wp-block-image size-full has-custom-border is-style-rounded\"><img loading=\"lazy\" decoding=\"async\" width=\"1024\" height=\"1536\" src=\"https:\/\/brelin.fr\/wp-content\/uploads\/2026\/01\/T-shirt-avec-illustration-montagne-et-texte.png\" alt=\"t shirt avec illustration montagne et texte\" class=\"wp-image-657\" style=\"border-style:none;border-width:0px\" title=\"Home\" srcset=\"https:\/\/brelin.fr\/wp-content\/uploads\/2026\/01\/T-shirt-avec-illustration-montagne-et-texte.png 1024w, https:\/\/brelin.fr\/wp-content\/uploads\/2026\/01\/T-shirt-avec-illustration-montagne-et-texte-200x300.png 200w, https:\/\/brelin.fr\/wp-content\/uploads\/2026\/01\/T-shirt-avec-illustration-montagne-et-texte-683x1024.png 683w, https:\/\/brelin.fr\/wp-content\/uploads\/2026\/01\/T-shirt-avec-illustration-montagne-et-texte-768x1152.png 768w\" sizes=\"auto, (max-width: 1024px) 100vw, 1024px\" \/><\/figure>\n<\/div>\n<\/div><\/div>\n\n\n\n\n\n<div class=\"wp-block-uagb-container uagb-layout-grid uagb-block-b7d94873 alignfull uagb-is-root-container\"><div class=\"uagb-container-inner-blocks-wrap\">\n<figure class=\"wp-block-image size-large is-style-rounded\"><img loading=\"lazy\" decoding=\"async\" width=\"1024\" height=\"768\" src=\"https:\/\/brelin.fr\/wp-content\/uploads\/2026\/01\/IMG_3792-1024x768.jpeg\" alt=\"img 3792\" class=\"wp-image-680\" title=\"Home\" srcset=\"https:\/\/brelin.fr\/wp-content\/uploads\/2026\/01\/IMG_3792-1024x768.jpeg 1024w, https:\/\/brelin.fr\/wp-content\/uploads\/2026\/01\/IMG_3792-300x225.jpeg 300w, https:\/\/brelin.fr\/wp-content\/uploads\/2026\/01\/IMG_3792-768x576.jpeg 768w, https:\/\/brelin.fr\/wp-content\/uploads\/2026\/01\/IMG_3792.jpeg 1280w\" sizes=\"auto, (max-width: 1024px) 100vw, 1024px\" \/><\/figure>\n\n\n\n<div class=\"wp-block-uagb-container uagb-block-cfc0a34f\">\n<div class=\"wp-block-uagb-info-box uagb-block-36c16d4d uagb-infobox__content-wrap  uagb-infobox-icon-above-title uagb-infobox-image-valign-top wp-block-uagb-info-box--has-margin\"><div class=\"uagb-infobox-margin-wrapper\"><div class=\"uagb-ifb-content\"><div class=\"uagb-ifb-title-wrap\"><div class=\"uagb-ifb-separator\"><\/div><h2 class=\"uagb-ifb-title\">Learn more about Brelin<\/h2><\/div><p class=\"uagb-ifb-desc\">History of a Residence with Unique Architecture<\/p><div class=\"uagb-ifb-button-wrapper wp-block-button\"><a href=\"\/en\/about\/\" class=\"uagb-infobox-cta-link wp-block-button__link\" target=\"_self\" rel=\"noopener noreferrer\" onclick=\"return true;\"><span class=\"uagb-inline-editing\">Learn more<\/span><\/a><\/div><\/div><\/div><\/div>\n\n\n\n<div class=\"wp-block-uagb-separator uagb-block-ba4eccb7\"><div class=\"uagb-separator-spacing-wrapper\"><div class=\"wp-block-uagb-separator__inner\" style=\"--my-background-image:\"><\/div><\/div><\/div>\n\n\n<\/div>\n<\/div><\/div>\n\n\n\n<p><\/p>","protected":false},"excerpt":{"rendered":"<p>Bienvenue, cher Brelinois Chaque copropri\u00e9taire peut cr\u00e9er un compte gratuit sur Brelin.fr (&#8220;inscription&#8221;) afin notamment d&#8217;avoir acc\u00e8s au forum priv\u00e9, [&hellip;]<\/p>\n","protected":false},"author":1,"featured_media":0,"parent":0,"menu_order":0,"comment_status":"closed","ping_status":"closed","template":"","meta":{"_bbp_topic_count":0,"_bbp_reply_count":0,"_bbp_total_topic_count":0,"_bbp_total_reply_count":0,"_bbp_voice_count":0,"_bbp_anonymous_reply_count":0,"_bbp_topic_count_hidden":0,"_bbp_reply_count_hidden":0,"_bbp_forum_subforum_count":0,"_uag_custom_page_level_css":"","site-sidebar-layout":"default","site-content-layout":"","ast-site-content-layout":"full-width-container","site-content-style":"unboxed","site-sidebar-style":"default","ast-global-header-display":"","ast-banner-title-visibility":"","ast-main-header-display":"","ast-hfb-above-header-display":"","ast-hfb-below-header-display":"","ast-hfb-mobile-header-display":"","site-post-title":"disabled","ast-breadcrumbs-content":"","ast-featured-img":"","footer-sml-layout":"","ast-disable-related-posts":"","theme-transparent-header-meta":"","adv-header-id-meta":"","stick-header-meta":"","header-above-stick-meta":"","header-main-stick-meta":"","header-below-stick-meta":"","astra-migrate-meta-layouts":"default","ast-page-background-enabled":"default","ast-page-background-meta":{"desktop":{"background-color":"var(--ast-global-color-4)","background-image":"","background-repeat":"repeat","background-position":"center center","background-size":"auto","background-attachment":"scroll","background-type":"","background-media":"","overlay-type":"","overlay-color":"","overlay-opacity":"","overlay-gradient":""},"tablet":{"background-color":"","background-image":"","background-repeat":"repeat","background-position":"center center","background-size":"auto","background-attachment":"scroll","background-type":"","background-media":"","overlay-type":"","overlay-color":"","overlay-opacity":"","overlay-gradient":""},"mobile":{"background-color":"","background-image":"","background-repeat":"repeat","background-position":"center center","background-size":"auto","background-attachment":"scroll","background-type":"","background-media":"","overlay-type":"","overlay-color":"","overlay-opacity":"","overlay-gradient":""}},"ast-content-background-meta":{"desktop":{"background-color":"var(--ast-global-color-5)","background-image":"","background-repeat":"repeat","background-position":"center center","background-size":"auto","background-attachment":"scroll","background-type":"","background-media":"","overlay-type":"","overlay-color":"","overlay-opacity":"","overlay-gradient":""},"tablet":{"background-color":"var(--ast-global-color-5)","background-image":"","background-repeat":"repeat","background-position":"center center","background-size":"auto","background-attachment":"scroll","background-type":"","background-media":"","overlay-type":"","overlay-color":"","overlay-opacity":"","overlay-gradient":""},"mobile":{"background-color":"var(--ast-global-color-5)","background-image":"","background-repeat":"repeat","background-position":"center center","background-size":"auto","background-attachment":"scroll","background-type":"","background-media":"","overlay-type":"","overlay-color":"","overlay-opacity":"","overlay-gradient":""}},"footnotes":""},"class_list":["post-296","page","type-page","status-publish","hentry"],"uagb_featured_image_src":{"full":false,"thumbnail":false,"medium":false,"medium_large":false,"large":false,"1536x1536":false,"2048x2048":false,"trp-custom-language-flag":false},"uagb_author_info":{"display_name":"administrateur","author_link":"https:\/\/brelin.fr\/en\/author\/admin6979\/"},"uagb_comment_info":0,"uagb_excerpt":"Bienvenue, cher Brelinois Chaque copropri\u00e9taire peut cr\u00e9er un compte gratuit sur Brelin.fr (&#8220;inscription&#8221;) afin notamment d&#8217;avoir acc\u00e8s au forum priv\u00e9, [&hellip;]","_links":{"self":[{"href":"https:\/\/brelin.fr\/en\/wp-json\/wp\/v2\/pages\/296","targetHints":{"allow":["GET"]}}],"collection":[{"href":"https:\/\/brelin.fr\/en\/wp-json\/wp\/v2\/pages"}],"about":[{"href":"https:\/\/brelin.fr\/en\/wp-json\/wp\/v2\/types\/page"}],"author":[{"embeddable":true,"href":"https:\/\/brelin.fr\/en\/wp-json\/wp\/v2\/users\/1"}],"replies":[{"embeddable":true,"href":"https:\/\/brelin.fr\/en\/wp-json\/wp\/v2\/comments?post=296"}],"version-history":[{"count":24,"href":"https:\/\/brelin.fr\/en\/wp-json\/wp\/v2\/pages\/296\/revisions"}],"predecessor-version":[{"id":684,"href":"https:\/\/brelin.fr\/en\/wp-json\/wp\/v2\/pages\/296\/revisions\/684"}],"wp:attachment":[{"href":"https:\/\/brelin.fr\/en\/wp-json\/wp\/v2\/media?parent=296"}],"curies":[{"name":"wp","href":"https:\/\/api.w.org\/{rel}","templated":true}]}}