{"id":725,"date":"2026-04-06T17:50:44","date_gmt":"2026-04-06T15:50:44","guid":{"rendered":"https:\/\/brelin.fr\/?page_id=725"},"modified":"2026-04-06T17:50:46","modified_gmt":"2026-04-06T15:50:46","slug":"mentions-legales","status":"publish","type":"page","link":"https:\/\/brelin.fr\/en\/mentions-legales\/","title":{"rendered":"Legal Notice"},"content":{"rendered":"<hr class=\"wp-block-separator has-alpha-channel-opacity\"\/>\n\n\n\n<h2 class=\"wp-block-heading has-medium-font-size\">1. H\u00e9bergement<\/h2>\n\n\n\n<p>Le site est h\u00e9berg\u00e9 par :<\/p>\n\n\n\n<p>OVHcloud<\/p>\n\n\n\n<p>Adresse :<br>2 rue Kellermann<br>59100 Roubaix<br>France<\/p>\n\n\n\n<p>Site web : <a href=\"https:\/\/www.ovhcloud.com\">https:\/\/www.ovhcloud.com<\/a><\/p>\n\n\n\n<hr class=\"wp-block-separator has-alpha-channel-opacity\"\/>\n\n\n\n<h2 class=\"wp-block-heading has-medium-font-size\">2. Acc\u00e8s au site<\/h2>\n\n\n\n<p>Le site est accessible \u00e0 tout moment aux utilisateurs.<br>Cependant, une interruption pour maintenance technique peut \u00eatre d\u00e9cid\u00e9e par l\u2019administrateur.<\/p>\n\n\n\n<p>L\u2019\u00e9diteur du site ne pourra \u00eatre tenu responsable d\u2019une indisponibilit\u00e9 temporaire du service.<\/p>\n\n\n\n<hr class=\"wp-block-separator has-alpha-channel-opacity\"\/>\n\n\n\n<h2 class=\"wp-block-heading has-medium-font-size\">3. Propri\u00e9t\u00e9 intellectuelle<\/h2>\n\n\n\n<p>L\u2019ensemble des contenus pr\u00e9sents sur le site (textes, images, graphismes, logo, etc.) est prot\u00e9g\u00e9 par les lois relatives \u00e0 la propri\u00e9t\u00e9 intellectuelle.<\/p>\n\n\n\n<p>Sauf mention contraire, ces contenus sont la propri\u00e9t\u00e9 de l\u2019\u00e9diteur du site.<\/p>\n\n\n\n<p>Toute reproduction, modification ou diffusion sans autorisation est interdite.<\/p>\n\n\n\n<hr class=\"wp-block-separator has-alpha-channel-opacity\"\/>\n\n\n\n<h2 class=\"wp-block-heading has-medium-font-size\">4. Responsabilit\u00e9<\/h2>\n\n\n\n<p>Les informations pr\u00e9sentes sur le site sont fournies \u00e0 titre informatif.<\/p>\n\n\n\n<p>L\u2019\u00e9diteur du site ne garantit pas l\u2019exactitude ou l\u2019exhaustivit\u00e9 des informations publi\u00e9es.<\/p>\n\n\n\n<p>L\u2019utilisateur reste responsable de l\u2019usage qu\u2019il fait des informations disponibles sur le site.<\/p>\n\n\n\n<hr class=\"wp-block-separator has-alpha-channel-opacity\"\/>\n\n\n\n<h2 class=\"wp-block-heading has-medium-font-size\">5. Contenus publi\u00e9s par les utilisateurs<\/h2>\n\n\n\n<p>Les utilisateurs inscrits peuvent \u00eatre amen\u00e9s \u00e0 publier du contenu.<\/p>\n\n\n\n<p>Ils restent enti\u00e8rement responsables des contenus qu\u2019ils publient.<\/p>\n\n\n\n<p>L\u2019administrateur du site se r\u00e9serve le droit de supprimer tout contenu ne respectant pas la loi ou la charte de bonne conduite.<\/p>\n\n\n\n<hr class=\"wp-block-separator has-alpha-channel-opacity\"\/>\n\n\n\n<h2 class=\"wp-block-heading has-medium-font-size\">6. Droit applicable<\/h2>\n\n\n\n<p>Le pr\u00e9sent site est soumis au droit fran\u00e7ais.<\/p>\n\n\n\n<p><\/p>","protected":false},"excerpt":{"rendered":"<p>1. H\u00e9bergement Le site est h\u00e9berg\u00e9 par : OVHcloud Adresse :2 rue Kellermann59100 RoubaixFrance Site web : https:\/\/www.ovhcloud.com 2. Acc\u00e8s [&hellip;]<\/p>\n","protected":false},"author":1,"featured_media":0,"parent":0,"menu_order":0,"comment_status":"closed","ping_status":"closed","template":"","meta":{"_bbp_topic_count":0,"_bbp_reply_count":0,"_bbp_total_topic_count":0,"_bbp_total_reply_count":0,"_bbp_voice_count":0,"_bbp_anonymous_reply_count":0,"_bbp_topic_count_hidden":0,"_bbp_reply_count_hidden":0,"_bbp_forum_subforum_count":0,"_uag_custom_page_level_css":"","site-sidebar-layout":"default","site-content-layout":"","ast-site-content-layout":"default","site-content-style":"default","site-sidebar-style":"default","ast-global-header-display":"","ast-banner-title-visibility":"","ast-main-header-display":"","ast-hfb-above-header-display":"","ast-hfb-below-header-display":"","ast-hfb-mobile-header-display":"","site-post-title":"","ast-breadcrumbs-content":"","ast-featured-img":"","footer-sml-layout":"","ast-disable-related-posts":"","theme-transparent-header-meta":"","adv-header-id-meta":"","stick-header-meta":"","header-above-stick-meta":"","header-main-stick-meta":"","header-below-stick-meta":"","astra-migrate-meta-layouts":"default","ast-page-background-enabled":"default","ast-page-background-meta":{"desktop":{"background-color":"var(--ast-global-color-4)","background-image":"","background-repeat":"repeat","background-position":"center center","background-size":"auto","background-attachment":"scroll","background-type":"","background-media":"","overlay-type":"","overlay-color":"","overlay-opacity":"","overlay-gradient":""},"tablet":{"background-color":"","background-image":"","background-repeat":"repeat","background-position":"center center","background-size":"auto","background-attachment":"scroll","background-type":"","background-media":"","overlay-type":"","overlay-color":"","overlay-opacity":"","overlay-gradient":""},"mobile":{"background-color":"","background-image":"","background-repeat":"repeat","background-position":"center center","background-size":"auto","background-attachment":"scroll","background-type":"","background-media":"","overlay-type":"","overlay-color":"","overlay-opacity":"","overlay-gradient":""}},"ast-content-background-meta":{"desktop":{"background-color":"var(--ast-global-color-5)","background-image":"","background-repeat":"repeat","background-position":"center center","background-size":"auto","background-attachment":"scroll","background-type":"","background-media":"","overlay-type":"","overlay-color":"","overlay-opacity":"","overlay-gradient":""},"tablet":{"background-color":"var(--ast-global-color-5)","background-image":"","background-repeat":"repeat","background-position":"center center","background-size":"auto","background-attachment":"scroll","background-type":"","background-media":"","overlay-type":"","overlay-color":"","overlay-opacity":"","overlay-gradient":""},"mobile":{"background-color":"var(--ast-global-color-5)","background-image":"","background-repeat":"repeat","background-position":"center center","background-size":"auto","background-attachment":"scroll","background-type":"","background-media":"","overlay-type":"","overlay-color":"","overlay-opacity":"","overlay-gradient":""}},"footnotes":""},"class_list":["post-725","page","type-page","status-publish","hentry"],"uagb_featured_image_src":{"full":false,"thumbnail":false,"medium":false,"medium_large":false,"large":false,"1536x1536":false,"2048x2048":false,"trp-custom-language-flag":false},"uagb_author_info":{"display_name":"administrateur","author_link":"https:\/\/brelin.fr\/en\/author\/admin6979\/"},"uagb_comment_info":0,"uagb_excerpt":"1. H\u00e9bergement Le site est h\u00e9berg\u00e9 par : OVHcloud Adresse :2 rue Kellermann59100 RoubaixFrance Site web : https:\/\/www.ovhcloud.com 2. Acc\u00e8s [&hellip;]","_links":{"self":[{"href":"https:\/\/brelin.fr\/en\/wp-json\/wp\/v2\/pages\/725","targetHints":{"allow":["GET"]}}],"collection":[{"href":"https:\/\/brelin.fr\/en\/wp-json\/wp\/v2\/pages"}],"about":[{"href":"https:\/\/brelin.fr\/en\/wp-json\/wp\/v2\/types\/page"}],"author":[{"embeddable":true,"href":"https:\/\/brelin.fr\/en\/wp-json\/wp\/v2\/users\/1"}],"replies":[{"embeddable":true,"href":"https:\/\/brelin.fr\/en\/wp-json\/wp\/v2\/comments?post=725"}],"version-history":[{"count":1,"href":"https:\/\/brelin.fr\/en\/wp-json\/wp\/v2\/pages\/725\/revisions"}],"predecessor-version":[{"id":726,"href":"https:\/\/brelin.fr\/en\/wp-json\/wp\/v2\/pages\/725\/revisions\/726"}],"wp:attachment":[{"href":"https:\/\/brelin.fr\/en\/wp-json\/wp\/v2\/media?parent=725"}],"curies":[{"name":"wp","href":"https:\/\/api.w.org\/{rel}","templated":true}]}}