{"id":727,"date":"2026-04-06T17:57:48","date_gmt":"2026-04-06T15:57:48","guid":{"rendered":"https:\/\/brelin.fr\/?page_id=727"},"modified":"2026-04-06T17:57:50","modified_gmt":"2026-04-06T15:57:50","slug":"politique-de-confidentialite-rgpd","status":"publish","type":"page","link":"https:\/\/brelin.fr\/en\/politique-de-confidentialite-rgpd\/","title":{"rendered":"Privacy Policy (GDPR)"},"content":{"rendered":"<h2 class=\"wp-block-heading has-medium-font-size\">1. Collecte des donn\u00e9es<\/h2>\n\n\n\n<p>Lors de l\u2019inscription sur le site <strong>brelin.fr<\/strong>, certaines donn\u00e9es peuvent \u00eatre collect\u00e9es via le formulaire d\u2019inscription, notamment :<\/p>\n\n\n\n<ul class=\"wp-block-list\">\n<li>nom d\u2019utilisateur<\/li>\n\n\n\n<li>adresse e-mail<\/li>\n\n\n\n<li>toute information renseign\u00e9e volontairement par l\u2019utilisateur<\/li>\n<\/ul>\n\n\n\n<p>Ces donn\u00e9es sont n\u00e9cessaires au fonctionnement du site et \u00e0 la gestion des comptes utilisateurs.<\/p>\n\n\n\n<hr class=\"wp-block-separator has-alpha-channel-opacity\"\/>\n\n\n\n<h2 class=\"wp-block-heading has-medium-font-size\">2. Utilisation des donn\u00e9es<\/h2>\n\n\n\n<p>Les donn\u00e9es collect\u00e9es sont utilis\u00e9es uniquement pour :<\/p>\n\n\n\n<ul class=\"wp-block-list\">\n<li>permettre l\u2019inscription et la connexion au site<\/li>\n\n\n\n<li>g\u00e9rer les comptes utilisateurs<\/li>\n\n\n\n<li>assurer la s\u00e9curit\u00e9 du site<\/li>\n<\/ul>\n\n\n\n<p>Les donn\u00e9es ne sont pas vendues ni transmises \u00e0 des tiers.<\/p>\n\n\n\n<hr class=\"wp-block-separator has-alpha-channel-opacity\"\/>\n\n\n\n<h2 class=\"wp-block-heading has-medium-font-size\">3. Dur\u00e9e de conservation<\/h2>\n\n\n\n<p>Les donn\u00e9es sont conserv\u00e9es pendant la dur\u00e9e d\u2019existence du compte utilisateur.<\/p>\n\n\n\n<p>L\u2019utilisateur peut demander la suppression de son compte et de ses donn\u00e9es \u00e0 tout moment.<\/p>\n\n\n\n<hr class=\"wp-block-separator has-alpha-channel-opacity\"\/>\n\n\n\n<h2 class=\"wp-block-heading has-medium-font-size\">4. Cookies<\/h2>\n\n\n\n<p>Le site peut utiliser des cookies techniques n\u00e9cessaires au fonctionnement du service, notamment pour :<\/p>\n\n\n\n<ul class=\"wp-block-list\">\n<li>la gestion des sessions utilisateurs<\/li>\n\n\n\n<li>l\u2019authentification<\/li>\n\n\n\n<li>la s\u00e9curit\u00e9<\/li>\n<\/ul>\n\n\n\n<p>Ces cookies sont indispensables au bon fonctionnement du site.<\/p>\n\n\n\n<hr class=\"wp-block-separator has-alpha-channel-opacity\"\/>\n\n\n\n<h2 class=\"wp-block-heading has-medium-font-size\">5. S\u00e9curit\u00e9 des donn\u00e9es<\/h2>\n\n\n\n<p>L\u2019\u00e9diteur du site met en \u0153uvre des mesures raisonnables afin de prot\u00e9ger les donn\u00e9es des utilisateurs contre tout acc\u00e8s non autoris\u00e9.<\/p>\n\n\n\n<hr class=\"wp-block-separator has-alpha-channel-opacity\"\/>\n\n\n\n<h2 class=\"wp-block-heading has-medium-font-size\">6. Droits des utilisateurs<\/h2>\n\n\n\n<p>Conform\u00e9ment au <strong>R\u00e8glement G\u00e9n\u00e9ral sur la Protection des Donn\u00e9es (RGPD)<\/strong>, les utilisateurs disposent des droits suivants :<\/p>\n\n\n\n<ul class=\"wp-block-list\">\n<li>droit d\u2019acc\u00e8s \u00e0 leurs donn\u00e9es<\/li>\n\n\n\n<li>droit de rectification<\/li>\n\n\n\n<li>droit de suppression<\/li>\n\n\n\n<li>droit de limitation du traitement<\/li>\n<\/ul>\n\n\n\n<p>Toute demande peut \u00eatre effectu\u00e9e en contactant l\u2019administrateur du site.<\/p>\n\n\n\n<hr class=\"wp-block-separator has-alpha-channel-opacity\"\/>\n\n\n\n<h2 class=\"wp-block-heading has-medium-font-size\">7. Contact<\/h2>\n\n\n\n<p>Pour toute question relative \u00e0 la protection des donn\u00e9es :<\/p>\n\n\n\n<p>Contact : administrator@brelin.fr<\/p>","protected":false},"excerpt":{"rendered":"<p>1. Collecte des donn\u00e9es Lors de l\u2019inscription sur le site brelin.fr, certaines donn\u00e9es peuvent \u00eatre collect\u00e9es via le formulaire d\u2019inscription, [&hellip;]<\/p>\n","protected":false},"author":1,"featured_media":0,"parent":0,"menu_order":0,"comment_status":"closed","ping_status":"closed","template":"","meta":{"_bbp_topic_count":0,"_bbp_reply_count":0,"_bbp_total_topic_count":0,"_bbp_total_reply_count":0,"_bbp_voice_count":0,"_bbp_anonymous_reply_count":0,"_bbp_topic_count_hidden":0,"_bbp_reply_count_hidden":0,"_bbp_forum_subforum_count":0,"_uag_custom_page_level_css":"","site-sidebar-layout":"default","site-content-layout":"","ast-site-content-layout":"default","site-content-style":"default","site-sidebar-style":"default","ast-global-header-display":"","ast-banner-title-visibility":"","ast-main-header-display":"","ast-hfb-above-header-display":"","ast-hfb-below-header-display":"","ast-hfb-mobile-header-display":"","site-post-title":"","ast-breadcrumbs-content":"","ast-featured-img":"","footer-sml-layout":"","ast-disable-related-posts":"","theme-transparent-header-meta":"","adv-header-id-meta":"","stick-header-meta":"","header-above-stick-meta":"","header-main-stick-meta":"","header-below-stick-meta":"","astra-migrate-meta-layouts":"default","ast-page-background-enabled":"default","ast-page-background-meta":{"desktop":{"background-color":"var(--ast-global-color-4)","background-image":"","background-repeat":"repeat","background-position":"center center","background-size":"auto","background-attachment":"scroll","background-type":"","background-media":"","overlay-type":"","overlay-color":"","overlay-opacity":"","overlay-gradient":""},"tablet":{"background-color":"","background-image":"","background-repeat":"repeat","background-position":"center center","background-size":"auto","background-attachment":"scroll","background-type":"","background-media":"","overlay-type":"","overlay-color":"","overlay-opacity":"","overlay-gradient":""},"mobile":{"background-color":"","background-image":"","background-repeat":"repeat","background-position":"center center","background-size":"auto","background-attachment":"scroll","background-type":"","background-media":"","overlay-type":"","overlay-color":"","overlay-opacity":"","overlay-gradient":""}},"ast-content-background-meta":{"desktop":{"background-color":"var(--ast-global-color-5)","background-image":"","background-repeat":"repeat","background-position":"center center","background-size":"auto","background-attachment":"scroll","background-type":"","background-media":"","overlay-type":"","overlay-color":"","overlay-opacity":"","overlay-gradient":""},"tablet":{"background-color":"var(--ast-global-color-5)","background-image":"","background-repeat":"repeat","background-position":"center center","background-size":"auto","background-attachment":"scroll","background-type":"","background-media":"","overlay-type":"","overlay-color":"","overlay-opacity":"","overlay-gradient":""},"mobile":{"background-color":"var(--ast-global-color-5)","background-image":"","background-repeat":"repeat","background-position":"center center","background-size":"auto","background-attachment":"scroll","background-type":"","background-media":"","overlay-type":"","overlay-color":"","overlay-opacity":"","overlay-gradient":""}},"footnotes":""},"class_list":["post-727","page","type-page","status-publish","hentry"],"uagb_featured_image_src":{"full":false,"thumbnail":false,"medium":false,"medium_large":false,"large":false,"1536x1536":false,"2048x2048":false,"trp-custom-language-flag":false},"uagb_author_info":{"display_name":"administrateur","author_link":"https:\/\/brelin.fr\/en\/author\/admin6979\/"},"uagb_comment_info":0,"uagb_excerpt":"1. Collecte des donn\u00e9es Lors de l\u2019inscription sur le site brelin.fr, certaines donn\u00e9es peuvent \u00eatre collect\u00e9es via le formulaire d\u2019inscription, [&hellip;]","_links":{"self":[{"href":"https:\/\/brelin.fr\/en\/wp-json\/wp\/v2\/pages\/727","targetHints":{"allow":["GET"]}}],"collection":[{"href":"https:\/\/brelin.fr\/en\/wp-json\/wp\/v2\/pages"}],"about":[{"href":"https:\/\/brelin.fr\/en\/wp-json\/wp\/v2\/types\/page"}],"author":[{"embeddable":true,"href":"https:\/\/brelin.fr\/en\/wp-json\/wp\/v2\/users\/1"}],"replies":[{"embeddable":true,"href":"https:\/\/brelin.fr\/en\/wp-json\/wp\/v2\/comments?post=727"}],"version-history":[{"count":1,"href":"https:\/\/brelin.fr\/en\/wp-json\/wp\/v2\/pages\/727\/revisions"}],"predecessor-version":[{"id":728,"href":"https:\/\/brelin.fr\/en\/wp-json\/wp\/v2\/pages\/727\/revisions\/728"}],"wp:attachment":[{"href":"https:\/\/brelin.fr\/en\/wp-json\/wp\/v2\/media?parent=727"}],"curies":[{"name":"wp","href":"https:\/\/api.w.org\/{rel}","templated":true}]}}